{"id":186,"date":"2025-08-15T04:35:14","date_gmt":"2025-08-15T04:35:14","guid":{"rendered":"https:\/\/xn--vivas-polmicasefatos-42b.com\/inicio\/"},"modified":"2025-08-22T01:46:52","modified_gmt":"2025-08-22T01:46:52","slug":"inicio","status":"publish","type":"page","link":"https:\/\/xn--vivas-polmicasefatos-42b.com\/","title":{"rendered":"In\u00edcio"},"content":{"rendered":"\n<div class=\"wp-block-group hostinger-ai-hero-1 hostinger-ai-fade-up has-color-2-background-color has-background has-global-padding is-content-justification-right is-layout-constrained wp-container-core-group-is-layout-f1f2ed93 wp-block-group-is-layout-constrained\">\n<div class=\"wp-block-group hostinger-ai-fade-up is-layout-grid wp-container-core-group-is-layout-b2a6df44 wp-block-group-is-layout-grid\" style=\"padding-top:var(--wp--preset--spacing--60);padding-bottom:var(--wp--preset--spacing--60)\">\n<div class=\"wp-block-group hostinger-ai-fade-up wp-container-content-5e2576f9 is-vertical is-content-justification-center is-nowrap is-layout-flex wp-container-core-group-is-layout-a5a58d2b wp-block-group-is-layout-flex\">\n<div class=\"wp-block-columns is-layout-flex wp-container-core-columns-is-layout-28f84493 wp-block-columns-is-layout-flex\">\n<div class=\"wp-block-column is-layout-flow wp-block-column-is-layout-flow\" style=\"flex-basis:100%\">\n<h2 class=\"wp-block-heading has-light-color has-text-color has-link-color has-x-large-font-size wp-elements-f30c7576abb21800ee3fceb41a4b48ff\">Vivas &#8211; Pol\u00eamicas e Fatos.<\/h2>\n\n\n\n<h2 class=\"wp-block-heading has-light-color has-text-color has-link-color has-x-large-font-size wp-elements-9623b93facec2c1f08838844e718f130\"><\/h2>\n<\/div>\n<\/div>\n\n\n\n<p class=\"hostinger-ai-description has-light-color has-text-color has-link-color has-medium-font-size wp-elements-4200db7ff27856e2157ca35ac46275a0\" style=\"margin-top:0;margin-bottom:var(--wp--preset--spacing--50)\">Explore, a evolu\u00e7\u00e3o do comportamento da mente humana no s\u00e9culo XXI.<\/p>\n\n\n\n<div class=\"wp-block-buttons is-layout-flex wp-block-buttons-is-layout-flex\">\n<div class=\"wp-block-button hostinger-ai-cta-button hostinger-index-0\"><a class=\"wp-block-button__link has-color-2-color has-color-1-background-color has-text-color has-background has-link-color has-border-color has-medium-font-size has-custom-font-size wp-element-button\" href=\"https:\/\/xn--vivas-polmicasefatos-42b.com\/vivas-polemicas-e-fatos-sobre-a-evolucao-do-comportamento-humano-no-seculo-xxi\/\" style=\"border-color:#E1D7C6;border-width:1px;border-radius:50px;padding-top:var(--wp--preset--spacing--30);padding-right:var(--wp--preset--spacing--70);padding-bottom:var(--wp--preset--spacing--30);padding-left:var(--wp--preset--spacing--70)\">Participe<\/a><\/div>\n<\/div>\n<\/div>\n\n\n\n<div class=\"wp-block-group hostinger-ai-fade-up has-global-padding is-layout-constrained wp-block-group-is-layout-constrained\">\n<figure class=\"wp-block-image size-full has-custom-border hostinger-ai-image\"><img decoding=\"async\" src=\"https:\/\/images.unsplash.com\/photo-1675457817926-7825f704ac3c?q=85&amp;w=584&amp;h=438&amp;fit=crop\" alt=\"An open book rests on a textured gray surface. A pencil with a blue eraser lays diagonally across one of the pages. The book's content includes a title, 'Murder by Design: The Psychology of Bloodlust,' and a passage discussing topics related to killing and survival.\" class=\"wp-image-18\" style=\"border-radius:20px\"\/><\/figure>\n<\/div>\n<\/div>\n<\/div>\n\n\n\n<div class=\"wp-block-group alignfull hostinger-ai-our-blog-1 hostinger-ai-fade-up has-global-padding is-layout-constrained wp-block-group-is-layout-constrained\">\n<div class=\"wp-block-group alignwide hostinger-ai-fade-up has-global-padding is-content-justification-left is-layout-constrained wp-container-core-group-is-layout-12dd3699 wp-block-group-is-layout-constrained\">\n<h2 class=\"wp-block-heading is-style-default hostinger-ai-title has-dark-color has-text-color has-link-color has-x-large-font-size wp-elements-cd469e52016ec22f00d37f74b0181b45\" style=\"margin-bottom:var(--wp--preset--spacing--50)\">Debates e Artigos<\/h2>\n\n\n\n<div data-wp-context=\"{}\" data-wp-interactive=\"core\/query\" data-wp-key=\"24\" data-wp-router-region=\"query-24\" class=\"wp-block-query alignwide is-layout-flow wp-block-query-is-layout-flow\"><ul class=\"columns-2 post-item wp-block-post-template is-layout-grid wp-container-core-post-template-is-layout-02493678 wp-block-post-template-is-layout-grid\"><li data-wp-key=\"post-template-item-184\" class=\"wp-block-post post-184 post type-post status-publish format-standard hentry category-uncategorized\">\n\n\n<h2 style=\"margin-bottom:0;margin-top:var(--wp--preset--spacing--20);\" class=\"wp-block-post-title has-large-font-size\"><a href=\"https:\/\/xn--vivas-polmicasefatos-42b.com\/?p=184\" target=\"_self\" >Vivas &#8211; Pol\u00eamicas e Fatos sobre a Evolu\u00e7\u00e3o do Comportamento Humano no S\u00e9culo XXI<\/a><\/h2>\n\n<div style=\"margin-bottom:0;margin-top:var(--wp--preset--spacing--20);\" class=\"wp-block-post-excerpt\"><p class=\"wp-block-post-excerpt__excerpt\">Introdu\u00e7\u00e3o a Vivas Bem-vindo ao Vivas, um blog dedicado a explorar a evolu\u00e7\u00e3o do comportamento humano no s\u00e9culo XXI. Este&hellip; <\/p><\/div>\n\n<div style=\"margin-top:var(--wp--preset--spacing--20);\" class=\"wp-block-post-date\"><time datetime=\"2025-08-15T04:35:14+00:00\">8\/15\/2025<\/time><\/div>\n<\/li><li data-wp-key=\"post-template-item-182\" class=\"wp-block-post post-182 post type-post status-publish format-standard hentry category-uncategorized\">\n\n\n<h2 style=\"margin-bottom:0;margin-top:var(--wp--preset--spacing--20);\" class=\"wp-block-post-title has-large-font-size\"><a href=\"https:\/\/xn--vivas-polmicasefatos-42b.com\/?p=182\" target=\"_self\" >Vivas &#8211; Pol\u00eamicas e Fatos na Evolu\u00e7\u00e3o do Comportamento Humano no S\u00e9culo XXI<\/a><\/h2>\n\n<div style=\"margin-bottom:0;margin-top:var(--wp--preset--spacing--20);\" class=\"wp-block-post-excerpt\"><p class=\"wp-block-post-excerpt__excerpt\">Introdu\u00e7\u00e3o ao Blog Vivas Bem-vindo ao Vivas &#8211; Pol\u00eamicas e Fatos, o seu novo espa\u00e7o dedicado \u00e0 discuss\u00e3o da evolu\u00e7\u00e3o&hellip; <\/p><\/div>\n\n<div style=\"margin-top:var(--wp--preset--spacing--20);\" class=\"wp-block-post-date\"><time datetime=\"2025-08-15T04:35:14+00:00\">8\/15\/2025<\/time><\/div>\n<\/li><\/ul><\/div>\n<\/div>\n<\/div>\n\n\n\n<div class=\"wp-block-group alignfull hostinger-ai-about-us-3 hostinger-ai-fade-up has-global-padding is-layout-constrained wp-block-group-is-layout-constrained\">\n<div class=\"wp-block-group alignwide hostinger-ai-fade-up is-layout-grid wp-container-core-group-is-layout-422a8eaf wp-block-group-is-layout-grid\" style=\"padding-top:var(--wp--preset--spacing--60);padding-right:0;padding-bottom:var(--wp--preset--spacing--60);padding-left:0\">\n<div class=\"wp-block-group hostinger-ai-fade-up wp-container-content-5e2576f9 is-vertical is-content-justification-left is-nowrap is-layout-flex wp-container-core-group-is-layout-f26a4d82 wp-block-group-is-layout-flex\" style=\"padding-right:var(--wp--preset--spacing--60);padding-left:0\">\n<h2 class=\"wp-block-heading hostinger-ai-title has-dark-color has-text-color has-link-color has-x-large-font-size wp-elements-e75e93bbb46133bfc1471ae06b662427\" style=\"margin-top:0;margin-right:0;margin-bottom:0;margin-left:0;padding-bottom:var(--wp--preset--spacing--20)\">Sobre N\u00f3s<\/h2>\n\n\n\n<p class=\"hostinger-ai-description has-dark-color has-text-color has-link-color has-medium-font-size wp-elements-efad45d32dd112f7cdeb8d656f096746\" style=\"margin-top:0;margin-bottom:var(--wp--preset--spacing--50)\">Bem-vindo ao Vivas &#8211; Pol\u00eamicas e Fatos. Aqui discutimos a evolu\u00e7\u00e3o do comportamento humano no s\u00e9culo XXI, abordando temas controversos e relevantes.<\/p>\n\n\n\n<div class=\"wp-block-buttons is-layout-flex wp-block-buttons-is-layout-flex\">\n<div class=\"wp-block-button hostinger-ai-cta-button hostinger-index-0\"><a class=\"wp-block-button__link has-dark-color has-text-color has-link-color has-border-color has-medium-font-size has-custom-font-size wp-element-button\" href=\"https:\/\/xn--vivas-polmicasefatos-42b.com\/vivas-polemicas-e-fatos-na-evolucao-do-comportamento-humano-no-seculo-xxi\/\" style=\"border-color:#0d141a;border-width:1px;border-radius:50px;padding-top:var(--wp--preset--spacing--30);padding-right:var(--wp--preset--spacing--70);padding-bottom:var(--wp--preset--spacing--30);padding-left:var(--wp--preset--spacing--70);box-shadow:none\">Junte-se a n\u00f3s<\/a><\/div>\n<\/div>\n<\/div>\n\n\n\n<div class=\"wp-block-group hostinger-ai-fade-up is-layout-grid wp-container-core-group-is-layout-478b6e6b wp-block-group-is-layout-grid\">\n<figure class=\"wp-block-image size-full has-custom-border hostinger-ai-image hostinger-index-4 wp-container-content-69bc4bdf\"><img decoding=\"async\" src=\"https:\/\/images.unsplash.com\/photo-1697392300803-1b99e7a934c2?q=85&amp;w=273&amp;h=462&amp;fit=crop\" alt=\"A chimpanzee sits perched on a tree stump, intently examining a branch with its hand. The background is soft-focused, accentuating the animal's inquisitive nature.\" class=\"wp-image-478\" style=\"border-radius:20px\"\/><\/figure>\n\n\n\n<figure class=\"wp-block-image size-full has-custom-border hostinger-ai-image hostinger-index-5\"><img decoding=\"async\" src=\"https:\/\/images.unsplash.com\/photo-1695244728779-d64629e54c87?q=85&amp;w=273&amp;h=462&amp;fit=crop\" alt=\"A chimpanzee is sitting on a wooden log, surrounded by large orange ropes. The chimpanzee is holding and examining a bunch of green leaves or grass, appearing thoughtful and focused in a natural environment with blurred brownish trees in the background.\" class=\"wp-image-479\" style=\"border-radius:20px\"\/><\/figure>\n<\/div>\n<\/div>\n<\/div>\n\n\n\n<div class=\"wp-block-group alignfull hostinger-ai-gallery-1 hostinger-ai-fade-up is-layout-flow wp-block-group-is-layout-flow\">\n<div class=\"wp-block-group alignwide hostinger-ai-fade-up has-global-padding is-layout-constrained wp-block-group-is-layout-constrained\" style=\"padding-top:var(--wp--preset--spacing--60);padding-bottom:var(--wp--preset--spacing--60)\">\n<h2 class=\"wp-block-heading has-text-align-center hostinger-ai-title has-dark-color has-text-color has-link-color has-x-large-font-size wp-elements-242b8bfea83020fe80ed268e31bb8803\" style=\"margin-top:0;margin-right:0;margin-bottom:var(--wp--preset--spacing--20);margin-left:0\">Galeria de Debates<\/h2>\n\n\n\n<p class=\"has-text-align-center hostinger-ai-description has-dark-color has-text-color has-link-color has-medium-font-size wp-elements-12878a4aae19b922d062138afe5bec91\" style=\"margin-top:0;margin-bottom:0\">Explore discuss\u00f5es sobre a evolu\u00e7\u00e3o do comportamento humano no s\u00e9culo XXI.<\/p>\n<\/div>\n\n\n\n<div class=\"wp-block-group hostinger-ai-fade-up has-global-padding is-layout-constrained wp-block-group-is-layout-constrained\">\n<div class=\"wp-block-group alignwide hostinger-ai-fade-up is-content-justification-center is-nowrap is-layout-flex wp-container-core-group-is-layout-23441af8 wp-block-group-is-layout-flex\">\n<figure class=\"wp-block-image size-full has-custom-border hostinger-ai-image hostinger-index-2\"><img decoding=\"async\" src=\"https:\/\/images.unsplash.com\/photo-1556695725-c32e44585cea?q=85&amp;w=800&amp;h=400&amp;fit=crop\" alt=\"A hand holds a book titled 'Thinking, Fast and Slow' against a backdrop of dark green leaves. The book cover is predominantly white with black and yellow text, featuring a pencil graphic.\" class=\"wp-image-503\" style=\"border-radius:20px\"\/><\/figure>\n\n\n\n<figure class=\"wp-block-image size-full has-custom-border hostinger-ai-image hostinger-index-3\"><img decoding=\"async\" src=\"https:\/\/images.unsplash.com\/photo-1522743982034-7bbca28dc9cd?q=85&amp;w=300&amp;h=400&amp;fit=crop\" alt=\"A monochrome photograph features a contemplative monkey intently studying its hand. The animal's facial expressions suggest deep thought or concentration, with strong lighting highlighting the texture of its fur and the details of its fingers.\" class=\"wp-image-504\" style=\"border-radius:20px\"\/><\/figure>\n<\/div>\n\n\n\n<div class=\"wp-block-group alignwide hostinger-ai-fade-up is-content-justification-center is-nowrap is-layout-flex wp-container-core-group-is-layout-4c8f56df wp-block-group-is-layout-flex\" style=\"margin-bottom:var(--wp--preset--spacing--20)\">\n<figure class=\"wp-block-image size-full has-custom-border hostinger-ai-image\"><img decoding=\"async\" src=\"https:\/\/images.unsplash.com\/photo-1577896851231-70ef18881754?q=85&amp;w=300&amp;h=400&amp;fit=crop\" alt=\"A classroom filled with students sitting at desks, with a teacher standing near a chalkboard. The chalkboard contains various written topics such as definition, feelings, and treatment. A student in the foreground raises their hand, suggesting active participation. The walls are adorned with colorful artwork and educational posters. A map of Europe is displayed prominently.\" class=\"wp-image-504\" style=\"border-radius:20px\"\/><\/figure>\n\n\n\n<figure class=\"wp-block-image size-full has-custom-border hostinger-ai-image hostinger-index-1\"><img decoding=\"async\" src=\"https:\/\/images.unsplash.com\/photo-1679394890713-4b1c68e9598d?q=85&amp;w=800&amp;h=400&amp;fit=crop\" alt=\"A baboon is sitting on a stone ledge in an outdoor enclosure. The animal is facing away, looking toward trees and bushes. There is a stone wall separating the baboon from a group of people standing and observing from a distance. The scene is depicted in black and white, adding a timeless and serene feeling.\" class=\"wp-image-503\" style=\"border-radius:20px\"\/><\/figure>\n<\/div>\n<\/div>\n<\/div>\n\n\n\n<div class=\"wp-block-group alignfull hostinger-ai-solid-block hostinger-ai-fade-up has-color-1-background-color has-background has-global-padding is-layout-constrained wp-block-group-is-layout-constrained\" style=\"padding-top:var(--wp--preset--spacing--60);padding-bottom:var(--wp--preset--spacing--60)\">\n<div class=\"wp-block-group alignwide hostinger-ai-fade-up is-vertical is-content-justification-center is-nowrap is-layout-flex wp-container-core-group-is-layout-4cc6ee0a wp-block-group-is-layout-flex\" style=\"min-height:0px;padding-top:0;padding-bottom:0\">\n<div class=\"wp-block-group hostinger-ai-fade-up wp-container-content-69bc4bdf has-global-padding is-content-justification-center is-layout-constrained wp-container-core-group-is-layout-78267832 wp-block-group-is-layout-constrained\">\n<h2 class=\"wp-block-heading has-text-align-center hostinger-ai-title has-dark-color has-text-color has-link-color has-x-large-font-size wp-elements-cd7d145071f3340ed21c74dfbeef346c\" style=\"margin-top:0;margin-right:0;margin-bottom:0;margin-left:0\">Vivas Pol\u00eamicas<\/h2>\n\n\n\n<p class=\"has-text-align-center hostinger-ai-description has-dark-color has-text-color has-link-color has-medium-font-size wp-elements-bc38e32356ef9587033a35fee2d66e96\" style=\"margin-top:var(--wp--preset--spacing--20);margin-bottom:var(--wp--preset--spacing--50)\">Participe de debates sobre a evolu\u00e7\u00e3o do comportamento humano no s\u00e9culo XXI. Explore tutoriais e artigos contempor\u00e2neos.<\/p>\n\n\n\n<div class=\"wp-block-buttons is-content-justification-center is-layout-flex wp-container-core-buttons-is-layout-a89b3969 wp-block-buttons-is-layout-flex\">\n<div class=\"wp-block-button hostinger-ai-cta-button\"><a class=\"wp-block-button__link has-dark-color has-contrast-background-color has-text-color has-background has-link-color has-border-color has-medium-font-size has-custom-font-size wp-element-button\" href=\"https:\/\/xn--vivas-polmicasefatos-42b.com\/vivas-polemicas-e-fatos-na-evolucao-do-comportamento-humano-no-seculo-xxi\/\" style=\"border-color:#0d141a;border-width:1px;border-radius:50px;padding-top:var(--wp--preset--spacing--30);padding-right:var(--wp--preset--spacing--70);padding-bottom:var(--wp--preset--spacing--30);padding-left:var(--wp--preset--spacing--70);box-shadow:none\">Explore<\/a><\/div>\n<\/div>\n<\/div>\n<\/div>\n<\/div>\n","protected":false},"excerpt":{"rendered":"<p>Vivas &#8211; Pol\u00eamicas e Fatos. Explore, a evolu\u00e7\u00e3o do comportamento da mente humana no s\u00e9culo XXI. Debates e Artigos Sobre N\u00f3s Bem-vindo ao Vivas &#8211; Pol\u00eamicas e Fatos. Aqui discutimos a evolu\u00e7\u00e3o do comportamento humano no s\u00e9culo XXI, abordando temas controversos e relevantes. Galeria de Debates Explore discuss\u00f5es sobre a evolu\u00e7\u00e3o do comportamento humano no [&hellip;]<\/p>\n","protected":false},"author":1,"featured_media":0,"parent":0,"menu_order":0,"comment_status":"closed","ping_status":"closed","template":"","meta":{"footnotes":""},"class_list":["post-186","page","type-page","status-publish","hentry"],"_links":{"self":[{"href":"https:\/\/xn--vivas-polmicasefatos-42b.com\/index.php?rest_route=\/wp\/v2\/pages\/186","targetHints":{"allow":["GET"]}}],"collection":[{"href":"https:\/\/xn--vivas-polmicasefatos-42b.com\/index.php?rest_route=\/wp\/v2\/pages"}],"about":[{"href":"https:\/\/xn--vivas-polmicasefatos-42b.com\/index.php?rest_route=\/wp\/v2\/types\/page"}],"author":[{"embeddable":true,"href":"https:\/\/xn--vivas-polmicasefatos-42b.com\/index.php?rest_route=\/wp\/v2\/users\/1"}],"replies":[{"embeddable":true,"href":"https:\/\/xn--vivas-polmicasefatos-42b.com\/index.php?rest_route=%2Fwp%2Fv2%2Fcomments&post=186"}],"version-history":[{"count":11,"href":"https:\/\/xn--vivas-polmicasefatos-42b.com\/index.php?rest_route=\/wp\/v2\/pages\/186\/revisions"}],"predecessor-version":[{"id":272,"href":"https:\/\/xn--vivas-polmicasefatos-42b.com\/index.php?rest_route=\/wp\/v2\/pages\/186\/revisions\/272"}],"wp:attachment":[{"href":"https:\/\/xn--vivas-polmicasefatos-42b.com\/index.php?rest_route=%2Fwp%2Fv2%2Fmedia&parent=186"}],"curies":[{"name":"wp","href":"https:\/\/api.w.org\/{rel}","templated":true}]}}